{"id":46,"date":"2013-12-06T03:09:10","date_gmt":"2013-12-06T02:09:10","guid":{"rendered":"http:\/\/naziouting.noblogs.org\/?page_id=46"},"modified":"2015-08-31T19:07:00","modified_gmt":"2015-08-31T17:07:00","slug":"pressespiegel","status":"publish","type":"page","link":"https:\/\/naziouting.noblogs.org\/?page_id=46","title":{"rendered":"Pressespiegel"},"content":{"rendered":"<p><b>31.08.2015<\/b><\/p>\n<ul>\n<li>bsz: <a href=\"http:\/\/www.drupal.bszonline.de\/artikel\/rechtenversand-wirbt-mit-heidenau-rabatt\">Rechtenversand wirbt mit Heidenau-Rabatt<\/a><\/li>\n<li>bsz: <a href=\"http:\/\/www.drupal.bszonline.de\/artikel\/weltoffene-uni-kann-das-nicht-dulden\">Weltoffene Uni kann das nicht dulden<\/a><\/li>\n<\/ul>\n<p><b>26.08.2015<\/b><\/p>\n<ul>\n<li>WDR: <a href=\"http:\/\/www1.wdr.de\/studio\/dortmund\/themadestages\/heidenau-rabatt-102.html\">Michael Br\u00fcck wegen \u201eHeidenau-Rabatt\u201c angezeigt<\/a><\/li>\n<\/ul>\n<p><b>24.04.2015<\/b><\/p>\n<ul>\n<li>ZEIT Online: <a href=\"http:\/\/blog.zeit.de\/stoerungsmelder\/2015\/04\/24\/neonazi-michael-brueck-im-dortmunder-stadtrat_19176\">Neonazi Michael Br\u00fcck im Dortmunder Stadtrat<\/a><\/li>\n<\/ul>\n<p><b>16.07.2014<\/b><\/p>\n<ul>\n<li>ZEIT Online: <a href=\"http:\/\/www.zeit.de\/studium\/hochschule\/2014-07\/rechtsextremismus-uni-bochum\/komplettansicht\">\u201eRechtsextremismus &#8211; Mein Kommilitone, der Nazi\u201c<\/a><\/li>\n<\/ul>\n<p><b>27.01.2014<\/b><\/p>\n<ul>\n<li>Spiegel (Print): <a href=\"https:\/\/magazin.spiegel.de\/digital\/index_SP.html#SP\/2014\/5\/124719301\">\u201eUnis ringen um den richten Umgang mit Rechtsextremen im H\u00f6rsaal\u201c<\/a><\/li>\n<\/ul>\n<p><b>13.01.2014<\/b><\/p>\n<ul>\n<li>BoDo Stra\u00dfenmagazin: <a href=\"http:\/\/www.bodoev.de\/artikel\/der-nazi-und-die-uni.html\">\u201eKommentar &#8211; Der Nazi und die Uni\u201c<\/a><\/li>\n<\/ul>\n<p><b>13.12.2013<\/b><\/p>\n<ul>\n<li>Frankfurter Rundschau: <a href=\"http:\/\/www.fr-online.de\/campus\/-outing--aktion-ruhr-universitaet-bochum--rub--mein-kommilitone--der-neonazi,4491992,25619366.html\">\u201eOuting-Aktion an der RUB &#8211; Mein Kommilitone, der Neonazi\u201c<\/a><\/li>\n<\/ul>\n<p><b>10.12.2013<\/b><\/p>\n<ul>\n<li>DerWesten: <a href=\"http:\/\/www.derwesten.de\/staedte\/bochum\/ruhr-uni-will-antifa-von-aktionen-gegen-neonazi-abbringen-id8758460.html\">\u201eRuhr-Uni will Antifa von Aktionen gegen Neonazi abbringen\u201c<\/a><\/li>\n<\/ul>\n<p><b>09.12.2013<\/b><\/p>\n<ul>\n<li>Ruhrbarone: <a href=\"http:\/\/www.derwesten.de\/staedte\/bochum\/ruhr-uni-plant-nach-tumult-um-neonazi-kampagne-gegen-rechts-id8754217.html\">\u201eRuhr-Uni plant nach Tumult um Neonazi Kampagne gegen Rechts\u201c<\/a><\/li>\n<li>Akduell: <a href=\"http:\/\/akduell.de\/2013\/12\/weihnachtsmaenner-outen-neonazi-student\/\">\u201eWeihnachtsm\u00e4nner outen Neonazi-Student\u201c<\/a><\/li>\n<li>Ruhrbarone: <a href=\"http:\/\/www.ruhrbarone.de\/nazi-outing-an-der-rub-ein-kommunikationsdesaster\/\">\u201eNazi-Outing an der RUB: Ein Kommunikationsdesaster\u201c<\/a><\/li>\n<\/ul>\n<p><b>06.12.2013<\/b><\/p>\n<ul>\n<li>DerWesten: <a href=\"http:\/\/www.derwesten.de\/staedte\/bochum\/heftige-debatte-ueber-verantwortliche-fuer-eskalation-im-hoersaal-der-ruhr-uni-bochum-id8740060.html\">\u201eHeftige Debatte \u00fcber Verantwortliche f\u00fcr Eskalation im H\u00f6rsaal der RUB\u201c<\/a><\/li>\n<li>Bo-Alternativ: <a href=\"http:\/\/www.bo-alternativ.de\/2013\/12\/06\/borges-hatte-kein-hausrecht-brueck-darf-geoutet-werden-vermummung-ist-erlaubt\/\">\u201eBorges hatte kein Hausrecht, Br\u00fcck darf geoutet werden\u201c<\/a><\/li>\n<\/ul>\n<p><b>05.12.2013<\/b><\/p>\n<ul>\n<li>Indymedia Linksunten: <a href=\"https:\/\/linksunten.indymedia.org\/de\/node\/100878\">\u201eBochum: Die WAZ, die RUB und die Nazis\u201c<\/a><\/li>\n<li>Ruhrnachrichten: <a href=\"http:\/\/www.ruhrnachrichten.de\/lokales\/bochum\/Nach-dem-Video-Dozent-erklaert-entscheidende-Szene-wuerde-fehlen;art93161,2210736\">\u201eDozent bezieht Stellung zum Video der Eskalation im H\u00f6rsaal\u201c<\/a><\/li>\n<li>Die Welt: <a href=\"http:\/\/www.welt.de\/regionales\/duesseldorf\/article122557695\/Antifa-Professor-wurde-handgreiflich.html\">\u201eAntifa: Professor wurde handgreiflich\u201c<\/a><\/li>\n<li>neues deutschland: <a href=\"http:\/\/www.neues-deutschland.de\/artikel\/917153.der-nette-nazi-von-nebenan.html\">\u201eDer nette Nazi von nebenan\u201c<\/a><\/li>\n<\/ul>\n<p><b>04.12.2013<\/b><\/p>\n<ul>\n<li>WDR: <a href=\"http:\/\/www1.wdr.de\/themen\/panorama\/unibochum104.html\">\u201eLinksaktivisten st\u00f6ren Jura-Vorlesung\u201c<\/a><\/li>\n<li>Die Welt: <a href=\"http:\/\/www.welt.de\/regionales\/duesseldorf\/article122515913\/Linke-Weihnachtsmaenner-stoeren-Vorlesung.html\">\u201eLinke Weihnachtsm\u00e4nner st\u00f6ren Vorlesung\u201c<\/a><\/li>\n<li>Bo-Alternativ: <a href=\"http:\/\/www.bo-alternativ.de\/2013\/12\/04\/ueber-extremistinnen-bei-polizei-hochschulleitung-und-medien\/\">\u201e\u00dcber ExtremistInnen bei Polizei, Hochschulleitung und Medien\u201c<\/a><\/li>\n<\/ul>\n<p><b>03.12.2013<\/b><\/p>\n<ul>\n<li>RuhrBarone: <a href=\"http:\/\/www.ruhrbarone.de\/ruhr-uni-prof-vs-antifa-vorbildliches-staatsbuergerliches-verhalten\/\">\u201eRuhr-Uni Prof vs. Antifa: &#8216;Vorbildliches staatsb\u00fcrgerliches Verhalten&#8217;?\u201c<\/a><\/li>\n<li>DerWesten: <a href=\"http:\/\/www.derwesten.de\/staedte\/bochum\/antifa-gibt-professor-schuld-an-gewalt-video-zeigt-randale-id8732133.html\">\u201eAntifa gibt Professor Schuld an Gewalt\u201c<\/a><\/li>\n<li>SAT1: <a href=\"http:\/\/www.sat1nrw.de\/Aktuell\/Tumult-an-der-Uni\/42d10473\/\">\u201eTumult an der Uni\u201c<\/a><\/li>\n<li>derFreitag: <a href=\"http:\/\/www.freitag.de\/autoren\/jesusonspeed\/eine-universitaet-gibt-auf\">\u201eExtreme Rechte &#8211; Eine Universit\u00e4t gibt auf\u201c<\/a><\/li>\n<li>Ruhrnachrichten: <a href=\"http:\/\/www.ruhrnachrichten.de\/nachrichten\/region\/nordrheinwestfalen\/Handgemenge-im-Hoersaal-nbsp-Linke-Weihnachtsmaenner-stoeren-Vorlesung;art5192,2208690\">\u201eHandgemenge im H\u00f6rsaal: Linke Weihnachtsm\u00e4nner st\u00f6ren Vorlesung\u201c<\/a><\/li>\n<\/ul>\n<p><b>02.12.2013<\/b><\/p>\n<ul>\n<li>DerWesten: <a href=\"http:\/\/www.derwesten.de\/staedte\/bochum\/jura-professor-bei-tumulten-und-gewalt-im-hoersaal-der-ruhr-uni-bochum-verletzt-id8727961.html\">\u201eJura-Professor bei Tumulten im H\u00f6rsaal der Ruhr-Uni Bochum verletzt\u201c<\/a><\/li>\n<li>Ruhrbarone: <a href=\"http:\/\/www.ruhrbarone.de\/protest-gegen-nazi-kader-michael-brueck-an-der-ruhr-uni\/\">\u201eProtest gegen Nazi-Kader Michael Br\u00fcck an der Ruhr Uni\u201c<\/a><\/li>\n<\/ul>\n","protected":false},"excerpt":{"rendered":"<p>31.08.2015 bsz: Rechtenversand wirbt mit Heidenau-Rabatt bsz: Weltoffene Uni kann das nicht dulden 26.08.2015 WDR: Michael Br\u00fcck wegen \u201eHeidenau-Rabatt\u201c angezeigt 24.04.2015 ZEIT Online: Neonazi Michael Br\u00fcck im Dortmunder Stadtrat 16.07.2014 ZEIT Online: \u201eRechtsextremismus &#8211; Mein Kommilitone, der Nazi\u201c 27.01.2014 Spiegel (Print): \u201eUnis ringen um den richten Umgang mit Rechtsextremen im H\u00f6rsaal\u201c 13.01.2014 BoDo Stra\u00dfenmagazin: \u201eKommentar [&hellip;]<\/p>\n","protected":false},"author":1153,"featured_media":0,"parent":0,"menu_order":1,"comment_status":"closed","ping_status":"closed","template":"","meta":{"footnotes":""},"class_list":["post-46","page","type-page","status-publish","hentry"],"_links":{"self":[{"href":"https:\/\/naziouting.noblogs.org\/index.php?rest_route=\/wp\/v2\/pages\/46","targetHints":{"allow":["GET"]}}],"collection":[{"href":"https:\/\/naziouting.noblogs.org\/index.php?rest_route=\/wp\/v2\/pages"}],"about":[{"href":"https:\/\/naziouting.noblogs.org\/index.php?rest_route=\/wp\/v2\/types\/page"}],"author":[{"embeddable":true,"href":"https:\/\/naziouting.noblogs.org\/index.php?rest_route=\/wp\/v2\/users\/1153"}],"replies":[{"embeddable":true,"href":"https:\/\/naziouting.noblogs.org\/index.php?rest_route=%2Fwp%2Fv2%2Fcomments&post=46"}],"version-history":[{"count":28,"href":"https:\/\/naziouting.noblogs.org\/index.php?rest_route=\/wp\/v2\/pages\/46\/revisions"}],"predecessor-version":[{"id":243,"href":"https:\/\/naziouting.noblogs.org\/index.php?rest_route=\/wp\/v2\/pages\/46\/revisions\/243"}],"wp:attachment":[{"href":"https:\/\/naziouting.noblogs.org\/index.php?rest_route=%2Fwp%2Fv2%2Fmedia&parent=46"}],"curies":[{"name":"wp","href":"https:\/\/api.w.org\/{rel}","templated":true}]}}